{"id":21,"date":"2018-04-06T20:14:54","date_gmt":"2018-04-06T20:14:54","guid":{"rendered":"http:\/\/www.unisalesiano.com.br\/jogosuniversitarios\/?page_id=21"},"modified":"2022-09-07T18:11:15","modified_gmt":"2022-09-07T18:11:15","slug":"contato","status":"publish","type":"page","link":"http:\/\/www.unisalesiano.com.br\/jogosuniversitarios\/contato\/","title":{"rendered":"Contato"},"content":{"rendered":"<p style=\"text-align: center;\">Em caso de qualquer d\u00favida ou altera\u00e7\u00e3o de integrantes dos times, favor entrar em contato somente pelo e-mail abaixo:<\/p>\n<p style=\"text-align: center;\"><strong>jogosuniversitarios@unisalesiano.com.br<\/strong><\/p>\n","protected":false},"excerpt":{"rendered":"<p>Em caso de qualquer d\u00favida ou altera\u00e7\u00e3o de integrantes dos times, favor entrar em contato somente pelo e-mail abaixo: jogosuniversitarios@unisalesiano.com.br<\/p>\n","protected":false},"author":1,"featured_media":0,"parent":0,"menu_order":0,"comment_status":"closed","ping_status":"closed","template":"","meta":[],"_links":{"self":[{"href":"http:\/\/www.unisalesiano.com.br\/jogosuniversitarios\/wp-json\/wp\/v2\/pages\/21"}],"collection":[{"href":"http:\/\/www.unisalesiano.com.br\/jogosuniversitarios\/wp-json\/wp\/v2\/pages"}],"about":[{"href":"http:\/\/www.unisalesiano.com.br\/jogosuniversitarios\/wp-json\/wp\/v2\/types\/page"}],"author":[{"embeddable":true,"href":"http:\/\/www.unisalesiano.com.br\/jogosuniversitarios\/wp-json\/wp\/v2\/users\/1"}],"replies":[{"embeddable":true,"href":"http:\/\/www.unisalesiano.com.br\/jogosuniversitarios\/wp-json\/wp\/v2\/comments?post=21"}],"version-history":[{"count":4,"href":"http:\/\/www.unisalesiano.com.br\/jogosuniversitarios\/wp-json\/wp\/v2\/pages\/21\/revisions"}],"predecessor-version":[{"id":284,"href":"http:\/\/www.unisalesiano.com.br\/jogosuniversitarios\/wp-json\/wp\/v2\/pages\/21\/revisions\/284"}],"wp:attachment":[{"href":"http:\/\/www.unisalesiano.com.br\/jogosuniversitarios\/wp-json\/wp\/v2\/media?parent=21"}],"curies":[{"name":"wp","href":"https:\/\/api.w.org\/{rel}","templated":true}]}}